{"id":2,"date":"2023-07-17T14:48:27","date_gmt":"2023-07-17T14:48:27","guid":{"rendered":"http:\/\/katch-me-if-you-can.de\/?page_id=2"},"modified":"2024-01-08T09:32:31","modified_gmt":"2024-01-08T09:32:31","slug":"katch-me-if-you-can","status":"publish","type":"page","link":"https:\/\/katch-me-if-you-can.de\/en\/","title":{"rendered":"Katch Me If You Can"},"content":{"rendered":"<section class=\"l-section wpb_row us_custom_69162fdf height_large full_height valign_center\"><div class=\"l-section-h i-cf\"><div class=\"g-cols vc_row via_flex valign_top type_default stacking_default\"><div class=\"vc_col-sm-12 wpb_column vc_column_container\"><div class=\"vc_column-inner us_custom_887a049b\"><div class=\"wpb_wrapper\"><div class=\"w-separator size_custom\" style=\"height:3rem\" id=\"e45b\"><style>@media(max-width:1024px){ #e45b{height:calc(2.5rem + 2.5vw)!important}}@media(max-width:600px){ #e45b{height:calc(2.5rem + 2.5vw)!important}}<\/style><\/div><div class=\"w-hwrapper valign_middle align_center\" style=\"--hwrapper-gap:1.20rem\"><div class=\"w-vwrapper align_none valign_middle\"><div class=\"wpb_text_column header-uppercase-23 sp-border-btm\"><div class=\"wpb_wrapper\"><h1><span class=\"w-text-value\"><span class=\"header-hghlt-23\">Katch Me If You Can<br \/>\n<\/span><\/span><\/h1>\n<\/div><\/div><div class=\"wpb_text_column us_custom_73efc66b header-uppercase-23 zitat-23\"><div class=\"wpb_wrapper\"><p><span class=\"w-text-value\">Take only memories, leave only footprints.<\/span><\/p>\n<\/div><\/div><div class=\"wpb_text_column zitat-autor\"><div class=\"wpb_wrapper\"><p><em>Chief Seattle<\/em><\/p>\n<\/div><\/div><\/div><\/div><div class=\"w-separator size_custom\" style=\"height:5vh\"><\/div><div class=\"g-cols wpb_row via_flex valign_top type_default stacking_default\"><div class=\"vc_col-sm-12 wpb_column vc_column_container\"><div class=\"vc_column-inner\"><div class=\"wpb_wrapper\"><div class=\"w-grid artikel-mit-bg type_grid layout_16 cols_3 pagination_infinite overflow_hidden\" id=\"us_grid_1\" style=\"--gap:1.0rem;\" data-filterable=\"true\"><style>@media (max-width:810px){#us_grid_1 .w-grid-list{margin:0}#us_grid_1 .w-grid-item{width:100%;padding:0;margin-bottom:var(--gap,0px)}}.layout_16 .w-grid-item-h{color:#333333}.layout_16 .usg_text_1{transition-duration:0.3s;transform-origin:50% 50%;transform:scale(1) translate(0%,0%)}.layout_16 .w-grid-item-h:hover .usg_text_1{transform:scale(1) translate(0%,0%);opacity:1;color:#43938d!important}.layout_16 .usg_vwrapper_1{border-radius:0 0 .75em .75em!important;padding:1.5rem!important;background:#f5f5f5!important;box-shadow:0.07em 0 0.05em 0 rgba(0,0,0,0.10)!important}.layout_16 .usg_post_title_1{color:#43938d!important;font-size:1.4rem!important;letter-spacing:-0.02em!important;font-family:var(--h1-font-family)!important;font-weight:400!important;margin-bottom:2.5rem!important}.layout_16 .usg_hwrapper_2{color:#c0945e!important;font-size:0.95rem!important}.layout_16 .usg_post_content_1{margin-bottom:2rem!important}.layout_16 .usg_text_1{color:#c0945e!important;font-size:.95rem!important}@media (min-width:1025px) and (max-width:1380px){.layout_16 .usg_text_1{font-size:.95rem!important}}@media (min-width:601px) and (max-width:1024px){.layout_16 .usg_text_1{font-size:1rem!important}}@media (max-width:600px){.layout_16 .usg_text_1{font-size:1rem!important}}<\/style><div class=\"w-grid-list\">\t<article class=\"w-grid-item size_1x1 post-252 post type-post status-publish format-standard has-post-thumbnail hentry category-uncategorized\" data-id=\"252\">\r\n\t\t<div class=\"w-grid-item-h\">\r\n\t\t\t\t\t\t\t<a href=\"https:\/\/katch-me-if-you-can.de\/en\/kassiopeia\" class=\"w-grid-item-anchor\" aria-label=\"Cassiopeia\"><\/a>\r\n\t\t\t\t\t\t<div class=\"w-post-elm post_image usg_post_image_1 has_ratio\"><img loading=\"lazy\" decoding=\"async\" width=\"2560\" height=\"1920\" src=\"https:\/\/katch-me-if-you-can.de\/wp-content\/uploads\/2024\/01\/IMG_1529-scaled.jpeg\" class=\"attachment-full size-full wp-post-image\" alt=\"\" srcset=\"https:\/\/katch-me-if-you-can.de\/wp-content\/uploads\/2024\/01\/IMG_1529-scaled.jpeg 2560w, https:\/\/katch-me-if-you-can.de\/wp-content\/uploads\/2024\/01\/IMG_1529-300x225.jpeg 300w, https:\/\/katch-me-if-you-can.de\/wp-content\/uploads\/2024\/01\/IMG_1529-1024x768.jpeg 1024w, https:\/\/katch-me-if-you-can.de\/wp-content\/uploads\/2024\/01\/IMG_1529-16x12.jpeg 16w\" sizes=\"auto, (max-width: 2560px) 100vw, 2560px\" \/><div style=\"padding-bottom:66.6667%\"><\/div><\/div><div class=\"w-vwrapper usg_vwrapper_1 align_center valign_top\"><div class=\"w-hwrapper usg_hwrapper_2 has_text_color align_center valign_top wrap\" style=\"--hwrapper-gap:1.20rem\"><time class=\"w-post-elm post_date usg_post_date_1 entry-date published\" datetime=\"2024-01-06T15:36:40+00:00\">6. January 2024<\/time><\/div><h2 class=\"w-post-elm post_title usg_post_title_1 has_text_color entry-title color_link_inherit\"><a href=\"https:\/\/katch-me-if-you-can.de\/en\/kassiopeia\">Cassiopeia<\/a><\/h2><div class=\"w-post-elm post_content usg_post_content_1\"><p>The magic of coming home<\/p>\n<\/div><p class=\"w-text usg_text_1 sp-more has_text_color\"><a href=\"https:\/\/katch-me-if-you-can.de\/en\/kassiopeia\" class=\"w-text-h\"><span class=\"w-text-value\">read more<\/span><\/a><\/p><\/div>\t\t<\/div>\r\n\t\t\t<\/article>\r\n\t<article class=\"w-grid-item size_1x1 post-203 post type-post status-publish format-standard has-post-thumbnail hentry category-uncategorized\" data-id=\"203\">\r\n\t\t<div class=\"w-grid-item-h\">\r\n\t\t\t\t\t\t\t<a href=\"https:\/\/katch-me-if-you-can.de\/en\/where-gandalf-goes-on-vacation\" class=\"w-grid-item-anchor\" aria-label=\"Where Gandalf goes on Vacation\"><\/a>\r\n\t\t\t\t\t\t<div class=\"w-post-elm post_image usg_post_image_1 has_ratio\"><img loading=\"lazy\" decoding=\"async\" width=\"1920\" height=\"2560\" src=\"https:\/\/katch-me-if-you-can.de\/wp-content\/uploads\/2023\/12\/IMG_1336-scaled.jpeg\" class=\"attachment-full size-full wp-post-image\" alt=\"\" srcset=\"https:\/\/katch-me-if-you-can.de\/wp-content\/uploads\/2023\/12\/IMG_1336-scaled.jpeg 1920w, https:\/\/katch-me-if-you-can.de\/wp-content\/uploads\/2023\/12\/IMG_1336-225x300.jpeg 225w, https:\/\/katch-me-if-you-can.de\/wp-content\/uploads\/2023\/12\/IMG_1336-768x1024.jpeg 768w, https:\/\/katch-me-if-you-can.de\/wp-content\/uploads\/2023\/12\/IMG_1336-9x12.jpeg 9w\" sizes=\"auto, (max-width: 1920px) 100vw, 1920px\" \/><div style=\"padding-bottom:66.6667%\"><\/div><\/div><div class=\"w-vwrapper usg_vwrapper_1 align_center valign_top\"><div class=\"w-hwrapper usg_hwrapper_2 has_text_color align_center valign_top wrap\" style=\"--hwrapper-gap:1.20rem\"><time class=\"w-post-elm post_date usg_post_date_1 entry-date published\" datetime=\"2023-12-20T01:39:54+00:00\">20. December 2023<\/time><\/div><h2 class=\"w-post-elm post_title usg_post_title_1 has_text_color entry-title color_link_inherit\"><a href=\"https:\/\/katch-me-if-you-can.de\/en\/where-gandalf-goes-on-vacation\">Where Gandalf goes on Vacation<\/a><\/h2><div class=\"w-post-elm post_content usg_post_content_1\"><p>Mist over the majestic mountains of Chirripo<\/p>\n<\/div><p class=\"w-text usg_text_1 sp-more has_text_color\"><a href=\"https:\/\/katch-me-if-you-can.de\/en\/where-gandalf-goes-on-vacation\" class=\"w-text-h\"><span class=\"w-text-value\">read more<\/span><\/a><\/p><\/div>\t\t<\/div>\r\n\t\t\t<\/article>\r\n\t<article class=\"w-grid-item size_1x1 post-127 post type-post status-publish format-standard has-post-thumbnail hentry category-uncategorized\" data-id=\"127\">\r\n\t\t<div class=\"w-grid-item-h\">\r\n\t\t\t\t\t\t\t<a href=\"https:\/\/katch-me-if-you-can.de\/en\/der-puma-teil-2\" class=\"w-grid-item-anchor\" aria-label=\"Eyes of Innocence\"><\/a>\r\n\t\t\t\t\t\t<div class=\"w-post-elm post_image usg_post_image_1 has_ratio\"><img loading=\"lazy\" decoding=\"async\" width=\"1920\" height=\"2560\" src=\"https:\/\/katch-me-if-you-can.de\/wp-content\/uploads\/2023\/12\/IMG_1027-scaled.jpeg\" class=\"attachment-full size-full wp-post-image\" alt=\"\" srcset=\"https:\/\/katch-me-if-you-can.de\/wp-content\/uploads\/2023\/12\/IMG_1027-scaled.jpeg 1920w, https:\/\/katch-me-if-you-can.de\/wp-content\/uploads\/2023\/12\/IMG_1027-225x300.jpeg 225w, https:\/\/katch-me-if-you-can.de\/wp-content\/uploads\/2023\/12\/IMG_1027-768x1024.jpeg 768w, https:\/\/katch-me-if-you-can.de\/wp-content\/uploads\/2023\/12\/IMG_1027-9x12.jpeg 9w\" sizes=\"auto, (max-width: 1920px) 100vw, 1920px\" \/><div style=\"padding-bottom:66.6667%\"><\/div><\/div><div class=\"w-vwrapper usg_vwrapper_1 align_center valign_top\"><div class=\"w-hwrapper usg_hwrapper_2 has_text_color align_center valign_top wrap\" style=\"--hwrapper-gap:1.20rem\"><time class=\"w-post-elm post_date usg_post_date_1 entry-date published\" datetime=\"2023-12-15T13:25:49+00:00\">15. December 2023<\/time><\/div><h2 class=\"w-post-elm post_title usg_post_title_1 has_text_color entry-title color_link_inherit\"><a href=\"https:\/\/katch-me-if-you-can.de\/en\/der-puma-teil-2\">Eyes of Innocence<\/a><\/h2><div class=\"w-post-elm post_content usg_post_content_1\"><p>Alone with the puma - my second encounter with the power of the mountain lion<\/p>\n<\/div><p class=\"w-text usg_text_1 sp-more has_text_color\"><a href=\"https:\/\/katch-me-if-you-can.de\/en\/der-puma-teil-2\" class=\"w-text-h\"><span class=\"w-text-value\">read more<\/span><\/a><\/p><\/div>\t\t<\/div>\r\n\t\t\t<\/article>\r\n\t<article class=\"w-grid-item size_1x1 post-190 post type-post status-publish format-standard has-post-thumbnail hentry category-uncategorized\" data-id=\"190\">\r\n\t\t<div class=\"w-grid-item-h\">\r\n\t\t\t\t\t\t\t<a href=\"https:\/\/katch-me-if-you-can.de\/en\/3-pairs-of-socks-and-a-hangingbridge\" class=\"w-grid-item-anchor\" aria-label=\"3 pairs of socks and a hangingbridge\"><\/a>\r\n\t\t\t\t\t\t<div class=\"w-post-elm post_image usg_post_image_1 has_ratio\"><img loading=\"lazy\" decoding=\"async\" width=\"1920\" height=\"2560\" src=\"https:\/\/katch-me-if-you-can.de\/wp-content\/uploads\/2023\/12\/IMG_2700-scaled.jpeg\" class=\"attachment-full size-full wp-post-image\" alt=\"\" srcset=\"https:\/\/katch-me-if-you-can.de\/wp-content\/uploads\/2023\/12\/IMG_2700-scaled.jpeg 1920w, https:\/\/katch-me-if-you-can.de\/wp-content\/uploads\/2023\/12\/IMG_2700-225x300.jpeg 225w, https:\/\/katch-me-if-you-can.de\/wp-content\/uploads\/2023\/12\/IMG_2700-768x1024.jpeg 768w, https:\/\/katch-me-if-you-can.de\/wp-content\/uploads\/2023\/12\/IMG_2700-9x12.jpeg 9w\" sizes=\"auto, (max-width: 1920px) 100vw, 1920px\" \/><div style=\"padding-bottom:66.6667%\"><\/div><\/div><div class=\"w-vwrapper usg_vwrapper_1 align_center valign_top\"><div class=\"w-hwrapper usg_hwrapper_2 has_text_color align_center valign_top wrap\" style=\"--hwrapper-gap:1.20rem\"><time class=\"w-post-elm post_date usg_post_date_1 entry-date published\" datetime=\"2023-12-13T03:57:31+00:00\">13. December 2023<\/time><\/div><h2 class=\"w-post-elm post_title usg_post_title_1 has_text_color entry-title color_link_inherit\"><a href=\"https:\/\/katch-me-if-you-can.de\/en\/3-pairs-of-socks-and-a-hangingbridge\">3 pairs of socks and a hangingbridge<\/a><\/h2><div class=\"w-post-elm post_content usg_post_content_1\"><p>Every project starts with a ceremony \u2013 I ask Mother Earth for permission for Co-Creating<\/p>\n<\/div><p class=\"w-text usg_text_1 sp-more has_text_color\"><a href=\"https:\/\/katch-me-if-you-can.de\/en\/3-pairs-of-socks-and-a-hangingbridge\" class=\"w-text-h\"><span class=\"w-text-value\">read more<\/span><\/a><\/p><\/div>\t\t<\/div>\r\n\t\t\t<\/article>\r\n\t<article class=\"w-grid-item size_1x1 post-1 post type-post status-publish format-standard has-post-thumbnail hentry category-uncategorized\" data-id=\"1\">\r\n\t\t<div class=\"w-grid-item-h\">\r\n\t\t\t\t\t\t\t<a href=\"https:\/\/katch-me-if-you-can.de\/en\/12-000-meter-ueber-der-erde-melting-away-into-the-wild\" class=\"w-grid-item-anchor\" aria-label=\"12.000 Meter \u00fcber der Erde &#8211;  melting away into the wild\"><\/a>\r\n\t\t\t\t\t\t<div class=\"w-post-elm post_image usg_post_image_1 has_ratio\"><img loading=\"lazy\" decoding=\"async\" width=\"2560\" height=\"1920\" src=\"https:\/\/katch-me-if-you-can.de\/wp-content\/uploads\/2023\/07\/Im-Flugzeug.jpeg\" class=\"attachment-full size-full wp-post-image\" alt=\"\" srcset=\"https:\/\/katch-me-if-you-can.de\/wp-content\/uploads\/2023\/07\/Im-Flugzeug.jpeg 2560w, https:\/\/katch-me-if-you-can.de\/wp-content\/uploads\/2023\/07\/Im-Flugzeug-300x225.jpeg 300w, https:\/\/katch-me-if-you-can.de\/wp-content\/uploads\/2023\/07\/Im-Flugzeug-1024x768.jpeg 1024w\" sizes=\"auto, (max-width: 2560px) 100vw, 2560px\" \/><div style=\"padding-bottom:66.6667%\"><\/div><\/div><div class=\"w-vwrapper usg_vwrapper_1 align_center valign_top\"><div class=\"w-hwrapper usg_hwrapper_2 has_text_color align_center valign_top wrap\" style=\"--hwrapper-gap:1.20rem\"><time class=\"w-post-elm post_date usg_post_date_1 entry-date published\" datetime=\"2023-11-28T00:01:47+00:00\">28. November 2023<\/time><\/div><h2 class=\"w-post-elm post_title usg_post_title_1 has_text_color entry-title color_link_inherit\"><a href=\"https:\/\/katch-me-if-you-can.de\/en\/12-000-meter-ueber-der-erde-melting-away-into-the-wild\">12.000 meter above ground - melting away into the wild<\/a><\/h2><div class=\"w-post-elm post_content usg_post_content_1\"><p>Costa Rica is calling, the wild, the green nirvana and the life-giving humidity that\u2019s always in the air.<\/p>\n<\/div><p class=\"w-text usg_text_1 sp-more has_text_color\"><a href=\"https:\/\/katch-me-if-you-can.de\/en\/12-000-meter-ueber-der-erde-melting-away-into-the-wild\" class=\"w-text-h\"><span class=\"w-text-value\">read more<\/span><\/a><\/p><\/div>\t\t<\/div>\r\n\t\t\t<\/article>\r\n<\/div><div class=\"w-grid-preloader\">\t<div class=\"g-preloader type_2\">\r\n\t\t<div><\/div>\r\n\t<\/div>\r\n\t<\/div>\t<div class=\"w-grid-json hidden\" onclick='return {&quot;action&quot;:&quot;us_ajax_grid&quot;,&quot;infinite_scroll&quot;:0,&quot;max_num_pages&quot;:1,&quot;pagination&quot;:&quot;infinite&quot;,&quot;template_vars&quot;:{&quot;columns&quot;:&quot;3&quot;,&quot;exclude_items&quot;:&quot;none&quot;,&quot;img_size&quot;:&quot;default&quot;,&quot;ignore_items_size&quot;:0,&quot;items_layout&quot;:&quot;16&quot;,&quot;items_offset&quot;:&quot;1&quot;,&quot;load_animation&quot;:&quot;none&quot;,&quot;overriding_link&quot;:&quot;%7B%22type%22%3A%22post%22%7D&quot;,&quot;post_id&quot;:0,&quot;query_args&quot;:{&quot;post_type&quot;:[&quot;post&quot;],&quot;post_status&quot;:[&quot;publish&quot;],&quot;posts_per_page&quot;:&quot;10&quot;},&quot;orderby_query_args&quot;:{&quot;orderby&quot;:{&quot;date&quot;:&quot;DESC&quot;}},&quot;type&quot;:&quot;grid&quot;,&quot;us_grid_post_type&quot;:&quot;post&quot;,&quot;us_grid_ajax_index&quot;:1,&quot;us_grid_filter_query_string&quot;:null,&quot;us_grid_index&quot;:1,&quot;page_args&quot;:[]}}'><\/div>\r\n\t<\/div><\/div><\/div><\/div><\/div><\/div><\/div><\/div><\/div><\/div><\/section>","protected":false},"excerpt":{"rendered":"\"SAG MIR, WAS WILLST DU TUN MIT DEINEM EINEM, WILDEN, WERTVOLLEN LEBEN?\" Mary Oliver, DICHTERIN Ich kann nicht schlafen. Habe die ganze Air-France-Zeremonie mitgemacht. Den Champagner mit dieser uns\u00e4glich nonchalant gr\u00fcnen mousse. Dazu frische knackige Salatbl\u00e4tter pur, was f\u00fcr ein Genuss. Dieses Baguette mit schlichter Butter und Salz. Ich trinke normalerweise fast keinen Alkohol, wenn...","protected":false},"author":1,"featured_media":0,"parent":0,"menu_order":0,"comment_status":"closed","ping_status":"closed","template":"","meta":{"footnotes":""},"class_list":["post-2","page","type-page","status-publish","hentry"],"_links":{"self":[{"href":"https:\/\/katch-me-if-you-can.de\/en\/wp-json\/wp\/v2\/pages\/2","targetHints":{"allow":["GET"]}}],"collection":[{"href":"https:\/\/katch-me-if-you-can.de\/en\/wp-json\/wp\/v2\/pages"}],"about":[{"href":"https:\/\/katch-me-if-you-can.de\/en\/wp-json\/wp\/v2\/types\/page"}],"author":[{"embeddable":true,"href":"https:\/\/katch-me-if-you-can.de\/en\/wp-json\/wp\/v2\/users\/1"}],"replies":[{"embeddable":true,"href":"https:\/\/katch-me-if-you-can.de\/en\/wp-json\/wp\/v2\/comments?post=2"}],"version-history":[{"count":16,"href":"https:\/\/katch-me-if-you-can.de\/en\/wp-json\/wp\/v2\/pages\/2\/revisions"}],"predecessor-version":[{"id":266,"href":"https:\/\/katch-me-if-you-can.de\/en\/wp-json\/wp\/v2\/pages\/2\/revisions\/266"}],"wp:attachment":[{"href":"https:\/\/katch-me-if-you-can.de\/en\/wp-json\/wp\/v2\/media?parent=2"}],"curies":[{"name":"wp","href":"https:\/\/api.w.org\/{rel}","templated":true}]}}